{"id":3,"date":"2023-02-23T00:07:48","date_gmt":"2023-02-23T00:07:48","guid":{"rendered":"http:\/\/love.newsmaker.md\/?page_id=3"},"modified":"2023-02-28T14:31:02","modified_gmt":"2023-02-28T14:31:02","slug":"privacy-policy-ru","status":"publish","type":"page","link":"https:\/\/love.newsmaker.md\/ro\/privacy-policy-ru\/","title":{"rendered":"Politica de confiden\u021bialitate"},"content":{"rendered":"<div data-elementor-type=\"wp-page\" data-elementor-id=\"3\" class=\"elementor elementor-3\">\n\t\t\t\t<section class=\"elementor-section elementor-top-section elementor-element elementor-element-89d8764 elementor-section-boxed elementor-section-height-default elementor-section-height-default\" data-id=\"89d8764\" data-element_type=\"section\" data-settings=\"{&quot;background_background&quot;:&quot;classic&quot;}\">\n\t\t\t\t\t\t<div class=\"elementor-container elementor-column-gap-default\">\n\t\t\t\t\t<div class=\"elementor-column elementor-col-33 elementor-top-column elementor-element elementor-element-72381b2\" data-id=\"72381b2\" data-element_type=\"column\">\n\t\t\t<div class=\"elementor-widget-wrap elementor-element-populated\">\n\t\t\t\t\t\t<div class=\"elementor-element elementor-element-fc9c800 elementor-icon-list--layout-inline elementor-align-left elementor-mobile-align-center elementor-list-item-link-full_width elementor-widget elementor-widget-icon-list\" data-id=\"fc9c800\" data-element_type=\"widget\" data-widget_type=\"icon-list.default\">\n\t\t\t\t<div class=\"elementor-widget-container\">\n\t\t\t\t\t\t\t<ul class=\"elementor-icon-list-items elementor-inline-items\">\n\t\t\t\t\t\t\t<li class=\"elementor-icon-list-item elementor-inline-item\">\n\t\t\t\t\t\t\t\t\t\t\t<a href=\"https:\/\/newsmaker.md\">\n\n\t\t\t\t\t\t\t\t\t\t\t\t<span class=\"elementor-icon-list-icon\">\n\t\t\t\t\t\t\t<i aria-hidden=\"true\" class=\"fas fa-step-backward\"><\/i>\t\t\t\t\t\t<\/span>\n\t\t\t\t\t\t\t\t\t\t<span class=\"elementor-icon-list-text\">Site-ul NM<\/span>\n\t\t\t\t\t\t\t\t\t\t\t<\/a>\n\t\t\t\t\t\t\t\t\t<\/li>\n\t\t\t\t\t\t<\/ul>\n\t\t\t\t\t\t<\/div>\n\t\t\t\t<\/div>\n\t\t\t\t\t<\/div>\n\t\t<\/div>\n\t\t\t\t<div class=\"elementor-column elementor-col-33 elementor-top-column elementor-element elementor-element-f282d8f\" data-id=\"f282d8f\" data-element_type=\"column\">\n\t\t\t<div class=\"elementor-widget-wrap elementor-element-populated\">\n\t\t\t\t\t\t<div class=\"elementor-element elementor-element-dce421a elementor-widget elementor-widget-image\" data-id=\"dce421a\" data-element_type=\"widget\" data-widget_type=\"image.default\">\n\t\t\t\t<div class=\"elementor-widget-container\">\n\t\t\t\t\t\t\t\t\t\t\t\t\t\t\t<img decoding=\"async\" src=\"https:\/\/love.newsmaker.md\/wp-content\/uploads\/elementor\/thumbs\/logo_white-q2kbgutufffwlvyt7zqhdy5b9fklmgne5omnmj81ca.png\" title=\"logo_white\" alt=\"logo_white\" loading=\"lazy\" \/>\t\t\t\t\t\t\t\t\t\t\t\t\t\t\t<\/div>\n\t\t\t\t<\/div>\n\t\t\t\t\t<\/div>\n\t\t<\/div>\n\t\t\t\t<div class=\"elementor-column elementor-col-33 elementor-top-column elementor-element elementor-element-492b86c\" data-id=\"492b86c\" data-element_type=\"column\">\n\t\t\t<div class=\"elementor-widget-wrap elementor-element-populated\">\n\t\t\t\t\t\t<div class=\"elementor-element elementor-element-97de6c0 elementor-icon-list--layout-inline elementor-align-right elementor-mobile-align-center elementor-list-item-link-full_width elementor-widget elementor-widget-icon-list\" data-id=\"97de6c0\" data-element_type=\"widget\" data-widget_type=\"icon-list.default\">\n\t\t\t\t<div class=\"elementor-widget-container\">\n\t\t\t\t\t\t\t<ul class=\"elementor-icon-list-items elementor-inline-items\">\n\t\t\t\t\t\t\t<li class=\"elementor-icon-list-item elementor-inline-item\">\n\t\t\t\t\t\t\t\t\t\t\t<a href=\"https:\/\/www.facebook.com\/newsmakermd\">\n\n\t\t\t\t\t\t\t\t\t\t\t\t<span class=\"elementor-icon-list-icon\">\n\t\t\t\t\t\t\t<i aria-hidden=\"true\" class=\"fab fa-facebook-f\"><\/i>\t\t\t\t\t\t<\/span>\n\t\t\t\t\t\t\t\t\t\t<span class=\"elementor-icon-list-text\"><\/span>\n\t\t\t\t\t\t\t\t\t\t\t<\/a>\n\t\t\t\t\t\t\t\t\t<\/li>\n\t\t\t\t\t\t\t\t<li class=\"elementor-icon-list-item elementor-inline-item\">\n\t\t\t\t\t\t\t\t\t\t\t<a href=\"https:\/\/twitter.com\/NewsMakerMD\">\n\n\t\t\t\t\t\t\t\t\t\t\t\t<span class=\"elementor-icon-list-icon\">\n\t\t\t\t\t\t\t<i aria-hidden=\"true\" class=\"fab fa-twitter\"><\/i>\t\t\t\t\t\t<\/span>\n\t\t\t\t\t\t\t\t\t\t<span class=\"elementor-icon-list-text\"><\/span>\n\t\t\t\t\t\t\t\t\t\t\t<\/a>\n\t\t\t\t\t\t\t\t\t<\/li>\n\t\t\t\t\t\t\t\t<li class=\"elementor-icon-list-item elementor-inline-item\">\n\t\t\t\t\t\t\t\t\t\t\t<a href=\"https:\/\/t.me\/newsmakerlive\">\n\n\t\t\t\t\t\t\t\t\t\t\t\t<span class=\"elementor-icon-list-icon\">\n\t\t\t\t\t\t\t<i aria-hidden=\"true\" class=\"fab fa-telegram-plane\"><\/i>\t\t\t\t\t\t<\/span>\n\t\t\t\t\t\t\t\t\t\t<span class=\"elementor-icon-list-text\"><\/span>\n\t\t\t\t\t\t\t\t\t\t\t<\/a>\n\t\t\t\t\t\t\t\t\t<\/li>\n\t\t\t\t\t\t\t\t<li class=\"elementor-icon-list-item elementor-inline-item\">\n\t\t\t\t\t\t\t\t\t\t\t<a href=\"https:\/\/www.instagram.com\/newsmakermd\/\">\n\n\t\t\t\t\t\t\t\t\t\t\t\t<span class=\"elementor-icon-list-icon\">\n\t\t\t\t\t\t\t<i aria-hidden=\"true\" class=\"fab fa-instagram\"><\/i>\t\t\t\t\t\t<\/span>\n\t\t\t\t\t\t\t\t\t\t<span class=\"elementor-icon-list-text\"><\/span>\n\t\t\t\t\t\t\t\t\t\t\t<\/a>\n\t\t\t\t\t\t\t\t\t<\/li>\n\t\t\t\t\t\t<\/ul>\n\t\t\t\t\t\t<\/div>\n\t\t\t\t<\/div>\n\t\t\t\t\t<\/div>\n\t\t<\/div>\n\t\t\t\t\t<\/div>\n\t\t<\/section>\n\t\t\t\t<section class=\"elementor-section elementor-top-section elementor-element elementor-element-4f5c0cb9 elementor-section-boxed elementor-section-height-default elementor-section-height-default\" data-id=\"4f5c0cb9\" data-element_type=\"section\">\n\t\t\t\t\t\t<div class=\"elementor-container elementor-column-gap-default\">\n\t\t\t\t\t<div class=\"elementor-column elementor-col-100 elementor-top-column elementor-element elementor-element-5500c4ef\" data-id=\"5500c4ef\" data-element_type=\"column\">\n\t\t\t<div class=\"elementor-widget-wrap elementor-element-populated\">\n\t\t\t\t\t\t<div class=\"elementor-element elementor-element-91ecf0e elementor-widget elementor-widget-heading\" data-id=\"91ecf0e\" data-element_type=\"widget\" data-widget_type=\"heading.default\">\n\t\t\t\t<div class=\"elementor-widget-container\">\n\t\t\t\t\t<h2 class=\"elementor-heading-title elementor-size-default\">Politica de confiden\u021bialitate<\/h2>\t\t\t\t<\/div>\n\t\t\t\t<\/div>\n\t\t\t\t<div class=\"elementor-element elementor-element-516937f6 elementor-widget elementor-widget-text-editor\" data-id=\"516937f6\" data-element_type=\"widget\" data-widget_type=\"text-editor.default\">\n\t\t\t\t<div class=\"elementor-widget-container\"><p>Datele solicitate de c\u0103tre SRL NEWS MAKER vor fi folosite doar \u00een contextul facilit\u0103rii dona\u021biilor pentru activit\u0103\u021bile sus declarate.<\/p><p>Datele cardului bancar vor fi introduse \u00een pagina confiden\u021bial\u0103 a BC MAIB SA cu respectarea confiden\u021bialit\u0103\u021bii privind opera\u021biunile cu cardurile bancare. \u021ainem s\u0103 v\u0103 inform\u0103m c\u0103 SRL NEWS MAKER nu p\u0103streaz\u0103 datele cardului bancar \u0219i nu le transmite persoanelor ter\u021be.<\/p><p>Informa\u021biile ob\u021binute de la donator, nu vor fi puse la dispozi\u021bia niciunei persoane fizice, juridice, institu\u021bii, etc. dec\u00e2t \u00een cazul \u00een care sunt solicitate justificat de c\u0103tre autorit\u0103\u021bile \u00een drept s\u0103 verifice tranzac\u021biile comerciale sau \u00een alte cazuri prev\u0103zute de lege \u0219i \u00een conformitate cu procedurile stabilite de aceste legi.<\/p><p>Datele personale ale utilizatorului vor fi folosite de SRL NEWS MAKER numai \u00een scopul declarat.<\/p><p>Informa\u021biile din formularul de plat\u0103 vor fi folosite pentru a trimite donatorului confirmarea dona\u021biei.<\/p><\/div>\n\t\t\t\t<\/div>\n\t\t\t\t\t<\/div>\n\t\t<\/div>\n\t\t\t\t\t<\/div>\n\t\t<\/section>\n\t\t\t\t<section class=\"elementor-section elementor-top-section elementor-element elementor-element-565ceae elementor-section-boxed elementor-section-height-default elementor-section-height-default\" data-id=\"565ceae\" data-element_type=\"section\" data-settings=\"{&quot;background_background&quot;:&quot;classic&quot;}\">\n\t\t\t\t\t\t<div class=\"elementor-container elementor-column-gap-default\">\n\t\t\t\t\t<div class=\"elementor-column elementor-col-100 elementor-top-column elementor-element elementor-element-8f65017\" data-id=\"8f65017\" data-element_type=\"column\">\n\t\t\t<div class=\"elementor-widget-wrap elementor-element-populated\">\n\t\t\t\t\t\t<section class=\"elementor-section elementor-inner-section elementor-element elementor-element-d4ef2fb elementor-section-boxed elementor-section-height-default elementor-section-height-default\" data-id=\"d4ef2fb\" data-element_type=\"section\">\n\t\t\t\t\t\t<div class=\"elementor-container elementor-column-gap-default\">\n\t\t\t\t\t<div class=\"elementor-column elementor-col-50 elementor-inner-column elementor-element elementor-element-e35c2ce\" data-id=\"e35c2ce\" data-element_type=\"column\">\n\t\t\t<div class=\"elementor-widget-wrap elementor-element-populated\">\n\t\t\t\t\t\t<div class=\"elementor-element elementor-element-d9a4b49 elementor-widget elementor-widget-image\" data-id=\"d9a4b49\" data-element_type=\"widget\" data-widget_type=\"image.default\">\n\t\t\t\t<div class=\"elementor-widget-container\">\n\t\t\t\t\t\t\t\t\t\t\t\t\t\t\t<img decoding=\"async\" src=\"https:\/\/love.newsmaker.md\/wp-content\/uploads\/elementor\/thumbs\/logo_white-q2kbgutufffwlvyt7zqhdy5b9fklmgne5omnmj81ca.png\" title=\"logo_white\" alt=\"logo_white\" loading=\"lazy\" \/>\t\t\t\t\t\t\t\t\t\t\t\t\t\t\t<\/div>\n\t\t\t\t<\/div>\n\t\t\t\t<div class=\"elementor-element elementor-element-1254520 elementor-align-left elementor-icon-list--layout-traditional elementor-list-item-link-full_width elementor-widget elementor-widget-icon-list\" data-id=\"1254520\" data-element_type=\"widget\" data-widget_type=\"icon-list.default\">\n\t\t\t\t<div class=\"elementor-widget-container\">\n\t\t\t\t\t\t\t<ul class=\"elementor-icon-list-items\">\n\t\t\t\t\t\t\t<li class=\"elementor-icon-list-item\">\n\t\t\t\t\t\t\t\t\t\t\t<a href=\"https:\/\/love.newsmaker.md\/ro\/privacy-policy-ru\/\">\n\n\t\t\t\t\t\t\t\t\t\t\t\t<span class=\"elementor-icon-list-icon\">\n\t\t\t\t\t\t\t<i aria-hidden=\"true\" class=\"fas fa-link\"><\/i>\t\t\t\t\t\t<\/span>\n\t\t\t\t\t\t\t\t\t\t<span class=\"elementor-icon-list-text\">Politica de confiden\u021bialitate<\/span>\n\t\t\t\t\t\t\t\t\t\t\t<\/a>\n\t\t\t\t\t\t\t\t\t<\/li>\n\t\t\t\t\t\t\t\t<li class=\"elementor-icon-list-item\">\n\t\t\t\t\t\t\t\t\t\t\t<a href=\"https:\/\/love.newsmaker.md\/ro\/terms-conditions-ru\/\">\n\n\t\t\t\t\t\t\t\t\t\t\t\t<span class=\"elementor-icon-list-icon\">\n\t\t\t\t\t\t\t<i aria-hidden=\"true\" class=\"fas fa-link\"><\/i>\t\t\t\t\t\t<\/span>\n\t\t\t\t\t\t\t\t\t\t<span class=\"elementor-icon-list-text\">Termeni \u0219i Condi\u021bii<\/span>\n\t\t\t\t\t\t\t\t\t\t\t<\/a>\n\t\t\t\t\t\t\t\t\t<\/li>\n\t\t\t\t\t\t<\/ul>\n\t\t\t\t\t\t<\/div>\n\t\t\t\t<\/div>\n\t\t\t\t<div class=\"elementor-element elementor-element-9e44e6a elementor-widget__width-auto elementor-widget elementor-widget-image\" data-id=\"9e44e6a\" data-element_type=\"widget\" data-widget_type=\"image.default\">\n\t\t\t\t<div class=\"elementor-widget-container\">\n\t\t\t\t\t\t\t\t\t\t\t\t\t\t\t<img decoding=\"async\" src=\"https:\/\/love.newsmaker.md\/wp-content\/uploads\/elementor\/thumbs\/visa_logo-q2ofh6ly49cxfg1pexm1bwkui0a63wvtszrfb2xkac.png\" title=\"visa_logo\" alt=\"visa_logo\" loading=\"lazy\" \/>\t\t\t\t\t\t\t\t\t\t\t\t\t\t\t<\/div>\n\t\t\t\t<\/div>\n\t\t\t\t<div class=\"elementor-element elementor-element-1c4ef92 elementor-widget__width-auto elementor-widget elementor-widget-image\" data-id=\"1c4ef92\" data-element_type=\"widget\" data-widget_type=\"image.default\">\n\t\t\t\t<div class=\"elementor-widget-container\">\n\t\t\t\t\t\t\t\t\t\t\t\t\t\t\t<img decoding=\"async\" src=\"https:\/\/love.newsmaker.md\/wp-content\/uploads\/elementor\/thumbs\/mc_logo-q2ofh6ly49cxfg1pexm1bwkui0a63wvtszrfb2xkac.png\" title=\"mc_logo\" alt=\"mc_logo\" loading=\"lazy\" \/>\t\t\t\t\t\t\t\t\t\t\t\t\t\t\t<\/div>\n\t\t\t\t<\/div>\n\t\t\t\t\t<\/div>\n\t\t<\/div>\n\t\t\t\t<div class=\"elementor-column elementor-col-50 elementor-inner-column elementor-element elementor-element-58194db\" data-id=\"58194db\" data-element_type=\"column\">\n\t\t\t<div class=\"elementor-widget-wrap elementor-element-populated\">\n\t\t\t\t\t\t<div class=\"elementor-element elementor-element-afff4dd elementor-widget elementor-widget-text-editor\" data-id=\"afff4dd\" data-element_type=\"widget\" data-widget_type=\"text-editor.default\">\n\t\t\t\t<div class=\"elementor-widget-container\">\n\t\t\t\t\t\t\t\t\t<p><b data-stringify-type=\"bold\" style=\"font-size: 1rem;\">Adresa fizica:<\/b><span style=\"font-size: 1rem;\">&nbsp;str. Serghei Lazo, 36 A et. 1, Chi\u0219in\u0103u, MD2004<br><\/span><b data-stringify-type=\"bold\" style=\"font-size: 1rem;\">Adresa juridica<\/b><span style=\"font-size: 1rem;\">&nbsp;mun. Chi\u015fin\u0103u, sec. Botanica, str. Gr\u0103dina Botanic\u0103, 14\/3, ap.(of.) 307<\/span><\/p><p><b data-stringify-type=\"bold\">Tel:<\/b>&nbsp;<span style=\"text-decoration: underline;\">+373 (22) 811088<\/span><br><b data-stringify-type=\"bold\">Email:<\/b>&nbsp;<span style=\"text-decoration: underline;\">newsmakermd@gmail.com<\/span><br><span style=\"text-decoration: underline;\">crowdfunding.newsmaker.md@gmail.com<\/span><\/p>\t\t\t\t\t\t\t\t<\/div>\n\t\t\t\t<\/div>\n\t\t\t\t\t<\/div>\n\t\t<\/div>\n\t\t\t\t\t<\/div>\n\t\t<\/section>\n\t\t\t\t\t<\/div>\n\t\t<\/div>\n\t\t\t\t\t<\/div>\n\t\t<\/section>\t\t<\/div>","protected":false},"excerpt":{"rendered":"<p>\u0412\u0435\u0440\u043d\u0443\u0442\u044c\u0441\u044f \u043d\u0430 \u0441\u0430\u0439\u0442 NM \u041f\u043e\u043b\u0438\u0442\u0438\u043a\u0430 \u043a\u043e\u043d\u0444\u0438\u0434\u0435\u043d\u0446\u0438\u0430\u043b\u044c\u043d\u043e\u0441\u0442\u0438 \u0414\u0430\u043d\u043d\u044b\u0435, \u0437\u0430\u043f\u0440\u0430\u0448\u0438\u0432\u0430\u0435\u043c\u044b\u0435 \u043a\u043e\u043c\u043f\u0430\u043d\u0438\u0435\u0439 \u041e\u041e\u041e \u00abNEWS MAKER\u00bb, \u0431\u0443\u0434\u0443\u0442 \u0438\u0441\u043f\u043e\u043b\u044c\u0437\u043e\u0432\u0430\u0442\u044c\u0441\u044f \u0442\u043e\u043b\u044c\u043a\u043e \u0432 \u043a\u043e\u043d\u0442\u0435\u043a\u0441\u0442\u0435 \u0441\u0431\u043e\u0440\u0430 \u043f\u043e\u0436\u0435\u0440\u0442\u0432\u043e\u0432\u0430\u043d\u0438\u0439 \u043d\u0430 \u0432\u044b\u0448\u0435\u0443\u043a\u0430\u0437\u0430\u043d\u043d\u0443\u044e \u0434\u0435\u044f\u0442\u0435\u043b\u044c\u043d\u043e\u0441\u0442\u044c. \u0414\u0430\u043d\u043d\u044b\u0435 \u0431\u0430\u043d\u043a\u043e\u0432\u0441\u043a\u043e\u0439 \u043a\u0430\u0440\u0442\u044b \u0431\u0443\u0434\u0443\u0442 \u0432\u043d\u0435\u0441\u0435\u043d\u044b \u0447\u0435\u0440\u0435\u0437 \u043a\u043e\u043d\u0444\u0438\u0434\u0435\u043d\u0446\u0438\u0430\u043b\u044c\u043d\u0443\u044e \u0441\u0442\u0440\u0430\u043d\u0438\u0446\u0443 \u0411\u041a \u00abMAIB\u00bb \u0410\u041e \u0441 \u0441\u043e\u0431\u043b\u044e\u0434\u0435\u043d\u0438\u0435\u043c \u043a\u043e\u043d\u0444\u0438\u0434\u0435\u043d\u0446\u0438\u0430\u043b\u044c\u043d\u043e\u0441\u0442\u0438 \u043e\u043f\u0435\u0440\u0430\u0446\u0438\u0439 \u0441 \u0431\u0430\u043d\u043a\u043e\u0432\u0441\u043a\u0438\u043c\u0438 \u043a\u0430\u0440\u0442\u0430\u043c\u0438. \u0414\u043e\u0432\u043e\u0434\u0438\u043c \u0434\u043e \u0432\u0430\u0448\u0435\u0433\u043e \u0441\u0432\u0435\u0434\u0435\u043d\u0438\u044f, \u0447\u0442\u043e \u041e\u041e\u041e &#171;NEWS MAKER&#187; \u043d\u0435 \u0445\u0440\u0430\u043d\u0438\u0442 \u0434\u0430\u043d\u043d\u044b\u0435 \u0431\u0430\u043d\u043a\u043e\u0432\u0441\u043a\u0438\u0445 \u043a\u0430\u0440\u0442 \u0438 \u043d\u0435 [&hellip;]<\/p>","protected":false},"author":1,"featured_media":0,"parent":0,"menu_order":0,"comment_status":"closed","ping_status":"closed","template":"elementor_canvas","meta":{"footnotes":""},"class_list":["post-3","page","type-page","status-publish","hentry"],"_links":{"self":[{"href":"https:\/\/love.newsmaker.md\/ro\/wp-json\/wp\/v2\/pages\/3","targetHints":{"allow":["GET"]}}],"collection":[{"href":"https:\/\/love.newsmaker.md\/ro\/wp-json\/wp\/v2\/pages"}],"about":[{"href":"https:\/\/love.newsmaker.md\/ro\/wp-json\/wp\/v2\/types\/page"}],"author":[{"embeddable":true,"href":"https:\/\/love.newsmaker.md\/ro\/wp-json\/wp\/v2\/users\/1"}],"replies":[{"embeddable":true,"href":"https:\/\/love.newsmaker.md\/ro\/wp-json\/wp\/v2\/comments?post=3"}],"version-history":[{"count":10,"href":"https:\/\/love.newsmaker.md\/ro\/wp-json\/wp\/v2\/pages\/3\/revisions"}],"predecessor-version":[{"id":260,"href":"https:\/\/love.newsmaker.md\/ro\/wp-json\/wp\/v2\/pages\/3\/revisions\/260"}],"wp:attachment":[{"href":"https:\/\/love.newsmaker.md\/ro\/wp-json\/wp\/v2\/media?parent=3"}],"curies":[{"name":"wp","href":"https:\/\/api.w.org\/{rel}","templated":true}]}}