{"id":17,"date":"2023-02-23T14:29:24","date_gmt":"2023-02-23T14:29:24","guid":{"rendered":"https:\/\/love.newsmaker.md\/?page_id=17"},"modified":"2023-02-28T14:31:09","modified_gmt":"2023-02-28T14:31:09","slug":"terms-conditions-ru","status":"publish","type":"page","link":"https:\/\/love.newsmaker.md\/ro\/terms-conditions-ru\/","title":{"rendered":"Termeni \u0219i Condi\u021bii"},"content":{"rendered":"<div data-elementor-type=\"wp-page\" data-elementor-id=\"17\" class=\"elementor elementor-17\">\n\t\t\t\t<section class=\"elementor-section elementor-top-section elementor-element elementor-element-6676866 elementor-section-boxed elementor-section-height-default elementor-section-height-default\" data-id=\"6676866\" data-element_type=\"section\" data-settings=\"{&quot;background_background&quot;:&quot;classic&quot;}\">\n\t\t\t\t\t\t<div class=\"elementor-container elementor-column-gap-default\">\n\t\t\t\t\t<div class=\"elementor-column elementor-col-33 elementor-top-column elementor-element elementor-element-81eb1b1\" data-id=\"81eb1b1\" data-element_type=\"column\">\n\t\t\t<div class=\"elementor-widget-wrap elementor-element-populated\">\n\t\t\t\t\t\t<div class=\"elementor-element elementor-element-29cb2f9 elementor-icon-list--layout-inline elementor-align-left elementor-mobile-align-center elementor-list-item-link-full_width elementor-widget elementor-widget-icon-list\" data-id=\"29cb2f9\" data-element_type=\"widget\" data-widget_type=\"icon-list.default\">\n\t\t\t\t<div class=\"elementor-widget-container\">\n\t\t\t\t\t\t\t<ul class=\"elementor-icon-list-items elementor-inline-items\">\n\t\t\t\t\t\t\t<li class=\"elementor-icon-list-item elementor-inline-item\">\n\t\t\t\t\t\t\t\t\t\t\t<a href=\"https:\/\/newsmaker.md\">\n\n\t\t\t\t\t\t\t\t\t\t\t\t<span class=\"elementor-icon-list-icon\">\n\t\t\t\t\t\t\t<i aria-hidden=\"true\" class=\"fas fa-step-backward\"><\/i>\t\t\t\t\t\t<\/span>\n\t\t\t\t\t\t\t\t\t\t<span class=\"elementor-icon-list-text\">Site-ul NM<\/span>\n\t\t\t\t\t\t\t\t\t\t\t<\/a>\n\t\t\t\t\t\t\t\t\t<\/li>\n\t\t\t\t\t\t<\/ul>\n\t\t\t\t\t\t<\/div>\n\t\t\t\t<\/div>\n\t\t\t\t\t<\/div>\n\t\t<\/div>\n\t\t\t\t<div class=\"elementor-column elementor-col-33 elementor-top-column elementor-element elementor-element-0822734\" data-id=\"0822734\" data-element_type=\"column\">\n\t\t\t<div class=\"elementor-widget-wrap elementor-element-populated\">\n\t\t\t\t\t\t<div class=\"elementor-element elementor-element-2cb29a1 elementor-widget elementor-widget-image\" data-id=\"2cb29a1\" data-element_type=\"widget\" data-widget_type=\"image.default\">\n\t\t\t\t<div class=\"elementor-widget-container\">\n\t\t\t\t\t\t\t\t\t\t\t\t\t\t\t<img decoding=\"async\" src=\"https:\/\/love.newsmaker.md\/wp-content\/uploads\/elementor\/thumbs\/logo_white-q2kbgutufffwlvyt7zqhdy5b9fklmgne5omnmj81ca.png\" title=\"logo_white\" alt=\"logo_white\" loading=\"lazy\" \/>\t\t\t\t\t\t\t\t\t\t\t\t\t\t\t<\/div>\n\t\t\t\t<\/div>\n\t\t\t\t\t<\/div>\n\t\t<\/div>\n\t\t\t\t<div class=\"elementor-column elementor-col-33 elementor-top-column elementor-element elementor-element-c0c3ebc\" data-id=\"c0c3ebc\" data-element_type=\"column\">\n\t\t\t<div class=\"elementor-widget-wrap elementor-element-populated\">\n\t\t\t\t\t\t<div class=\"elementor-element elementor-element-99034ae elementor-icon-list--layout-inline elementor-align-right elementor-mobile-align-center elementor-list-item-link-full_width elementor-widget elementor-widget-icon-list\" data-id=\"99034ae\" data-element_type=\"widget\" data-widget_type=\"icon-list.default\">\n\t\t\t\t<div class=\"elementor-widget-container\">\n\t\t\t\t\t\t\t<ul class=\"elementor-icon-list-items elementor-inline-items\">\n\t\t\t\t\t\t\t<li class=\"elementor-icon-list-item elementor-inline-item\">\n\t\t\t\t\t\t\t\t\t\t\t<a href=\"https:\/\/www.facebook.com\/newsmakermd\">\n\n\t\t\t\t\t\t\t\t\t\t\t\t<span class=\"elementor-icon-list-icon\">\n\t\t\t\t\t\t\t<i aria-hidden=\"true\" class=\"fab fa-facebook-f\"><\/i>\t\t\t\t\t\t<\/span>\n\t\t\t\t\t\t\t\t\t\t<span class=\"elementor-icon-list-text\"><\/span>\n\t\t\t\t\t\t\t\t\t\t\t<\/a>\n\t\t\t\t\t\t\t\t\t<\/li>\n\t\t\t\t\t\t\t\t<li class=\"elementor-icon-list-item elementor-inline-item\">\n\t\t\t\t\t\t\t\t\t\t\t<a href=\"https:\/\/twitter.com\/NewsMakerMD\">\n\n\t\t\t\t\t\t\t\t\t\t\t\t<span class=\"elementor-icon-list-icon\">\n\t\t\t\t\t\t\t<i aria-hidden=\"true\" class=\"fab fa-twitter\"><\/i>\t\t\t\t\t\t<\/span>\n\t\t\t\t\t\t\t\t\t\t<span class=\"elementor-icon-list-text\"><\/span>\n\t\t\t\t\t\t\t\t\t\t\t<\/a>\n\t\t\t\t\t\t\t\t\t<\/li>\n\t\t\t\t\t\t\t\t<li class=\"elementor-icon-list-item elementor-inline-item\">\n\t\t\t\t\t\t\t\t\t\t\t<a href=\"https:\/\/t.me\/newsmakerlive\">\n\n\t\t\t\t\t\t\t\t\t\t\t\t<span class=\"elementor-icon-list-icon\">\n\t\t\t\t\t\t\t<i aria-hidden=\"true\" class=\"fab fa-telegram-plane\"><\/i>\t\t\t\t\t\t<\/span>\n\t\t\t\t\t\t\t\t\t\t<span class=\"elementor-icon-list-text\"><\/span>\n\t\t\t\t\t\t\t\t\t\t\t<\/a>\n\t\t\t\t\t\t\t\t\t<\/li>\n\t\t\t\t\t\t\t\t<li class=\"elementor-icon-list-item elementor-inline-item\">\n\t\t\t\t\t\t\t\t\t\t\t<a href=\"https:\/\/www.instagram.com\/newsmakermd\/\">\n\n\t\t\t\t\t\t\t\t\t\t\t\t<span class=\"elementor-icon-list-icon\">\n\t\t\t\t\t\t\t<i aria-hidden=\"true\" class=\"fab fa-instagram\"><\/i>\t\t\t\t\t\t<\/span>\n\t\t\t\t\t\t\t\t\t\t<span class=\"elementor-icon-list-text\"><\/span>\n\t\t\t\t\t\t\t\t\t\t\t<\/a>\n\t\t\t\t\t\t\t\t\t<\/li>\n\t\t\t\t\t\t<\/ul>\n\t\t\t\t\t\t<\/div>\n\t\t\t\t<\/div>\n\t\t\t\t\t<\/div>\n\t\t<\/div>\n\t\t\t\t\t<\/div>\n\t\t<\/section>\n\t\t\t\t<section class=\"elementor-section elementor-top-section elementor-element elementor-element-23eb4113 elementor-section-boxed elementor-section-height-default elementor-section-height-default\" data-id=\"23eb4113\" data-element_type=\"section\">\n\t\t\t\t\t\t<div class=\"elementor-container elementor-column-gap-default\">\n\t\t\t\t\t<div class=\"elementor-column elementor-col-100 elementor-top-column elementor-element elementor-element-41f75def\" data-id=\"41f75def\" data-element_type=\"column\">\n\t\t\t<div class=\"elementor-widget-wrap elementor-element-populated\">\n\t\t\t\t\t\t<div class=\"elementor-element elementor-element-3943f11 elementor-widget elementor-widget-heading\" data-id=\"3943f11\" data-element_type=\"widget\" data-widget_type=\"heading.default\">\n\t\t\t\t<div class=\"elementor-widget-container\">\n\t\t\t\t\t<h2 class=\"elementor-heading-title elementor-size-default\">Termeni \u0219i Condi\u021bii<\/h2>\t\t\t\t<\/div>\n\t\t\t\t<\/div>\n\t\t\t\t<div class=\"elementor-element elementor-element-9e31d7d elementor-widget elementor-widget-text-editor\" data-id=\"9e31d7d\" data-element_type=\"widget\" data-widget_type=\"text-editor.default\">\n\t\t\t\t<div class=\"elementor-widget-container\"><p><strong>1. Introducere<\/strong><\/p><p>Procesarea cardului \u00een scopul don\u0103rii de fonduri pentru activit\u0103\u021bile SRL NEWS MAKER prin intermediul platformei E-commerce, conectat\u0103 la site-ul nostru web www.newsmaker.md implic\u0103 acceptarea prezentelor termeni \u0219i condi\u021bii.<\/p><p>Acceptarea opera\u021biei presupune c\u0103 termenii \u0219i condi\u021biile au fost citite \u0219i acceptate.<\/p><p>Site-ul web www.newsmaker.md, numit \u00een continuare \u201eSite\u201d, este proprietatea SRL NEWS MAKER, cu sediul \u00een Republica Moldova, Chi\u0219in\u0103u, str. S. Lazo 36 A, et.1, nr. de identificare de stat 1014600022332.<\/p><p>Platforma \u201cE-commerce\u201d conectat\u0103 la site-ul nostru web www.newsmaker.md este destinat\u0103 colect\u0103rii de fonduri pentru activit\u0103\u021bile exercitate conform Statului SRL NEWS MAKER.<\/p><p><strong>2. Obliga\u021biuni<\/strong><\/p><p>SRL NEWS MAKER se oblig\u0103 s\u0103 asigure buna func\u021bionare a platformei \u201cE-commerce\u201d.<\/p><p>SRL NEWS MAKER se oblig\u0103 s\u0103 foloseasc\u0103 fondurile ob\u021binute prin intermediul colect\u0103rii de fonduri conform scopurilor declarate. La solicitarea Donatorului, SRL NEWS MAKER se oblig\u0103 s\u0103 informeze cu privire la utilizarea fondurilor.<\/p><p>SRL NEWS MAKER nu va folosi datele participan\u021bilor pentru un alt scop dec\u00e2t cel declarat.<\/p><p><strong>3. Proprietatea Intelectual\u0103<\/strong><\/p><p>\u00centregul con\u021binut al Site-ului (imagini, texte, grafice, simboluri, elemente de grafic\u0103 WEB, scripturi, programe \u0219i alte date) este proprietatea SRL NEWS MAKER \u0219i este ap\u0103rat de legea pentru protec\u021bia drepturilor de autor.<\/p><p><strong>4. Confiden\u021bialitatea informa\u021biilor<\/strong><\/p><p>Datele solicitate de c\u0103tre SRL NEWS MAKER vor fi folosite doar \u00een contextul facilit\u0103rii dona\u021biilor pentru activit\u0103\u021bile sus declarate.<\/p><p>Informa\u021biile ob\u021binute de la donator, nu vor fi puse la dispozi\u021bia niciunei persoane fizice, juridice, institu\u021bii, etc. dec\u00e2t \u00een cazul \u00een care sunt solicitate justificat de c\u0103tre autorit\u0103\u021bile \u00een drept s\u0103 verifice tranzac\u021biile comerciale sau \u00een alte cazuri prev\u0103zute de lege \u0219i \u00een conformitate cu procedurile stabilite de aceste legi.<\/p><p>Datele personale ale utilizatorului vor fi folosite de SRL NEWS MAKER numai \u00een scopul declarat.<\/p><p><strong>5. Dona\u021bii \u0219i pl\u0103\u021bi<\/strong><\/p><p>Dona\u021biile prin credit card (VISA \u0219i MASTERCARD) se fac prin serviciul de procesare dona\u021bii online.<\/p><p>\u00cen cazul \u00een care valuta cardului \u0219i valuta dona\u021biei nu va coincide atunci conversia se va face conform regulilor emitentului cardului.<\/p><p>Valoarea dona\u021biei selectat\u0103, este costul net care va fi pl\u0103tit de utilizator, f\u0103r\u0103 nicio tax\u0103 suplimentar\u0103.<\/p><p>Banii dona\u021bi vor ajunge direct \u00een contul SRL NEWS MAKER care are un contract cu procesatorul de pl\u0103\u021bi.<\/p><p><strong>6. Mesaje comerciale nesolicitate<\/strong><\/p><p>Ne asum\u0103m obliga\u021bia c\u0103 nu vom spama pe nimeni.<\/p><p><strong>7. Politica de returnare a dona\u021biilor<\/strong><\/p><p>Dona\u021biile se pot returna donatorilor \u00een cazul \u00een care ace\u0219tea solicit\u0103 \u00een mod expres. \u00cen acest caz, donatorii vor trimite, \u00een termen de maxim 30 de zile calendaristice din momentul ce a fost efectuat\u0103 dona\u021bia, o cerere scris\u0103 c\u0103tre SRL NEWS MAKER \u00een care vor cere \u00een mod expres returnarea sumei donate. Donatorul va ata\u0219a la aceast\u0103 cerere dovada don\u0103rii acestei sume de bani prin intermediul platformei \u201cE-commerce\u201d conectat\u0103 la site-ul nostru web www.newsmaker.md<\/p><p>Cererea de returnare a dona\u021biilor \u0219i dovada don\u0103rii va fi expediat\u0103 prin po\u0219t\u0103 electronic\u0103 la adresa: newsmakermd@gmail.com, sau prin po\u0219t\u0103 la adresa: str. S. Lazo 36 A, et.1, mun. Chi\u0219in\u0103u, Republica Moldova, tel: +373 (22) 811088.<\/p><p><strong>8. Dispute \u0219i conflicte<\/strong><\/p><p>Orice tentativ\u0103 de acces neautorizat pe platforma \u201cE-commerce\u201d conectat\u0103 la site-ul nostru web www.newsmaker.md \u0219i orice \u00eencercare de fraud\u0103 va fi raportat\u0103 autorit\u0103\u021bilor competente.<\/p><p>Eventualele litigii, divergen\u021be sau preten\u021bii rezultate din sau \u00een leg\u0103tur\u0103 cu prezenta colectarea de fonduri, vor fi solu\u021bionate prin negocieri amiabile. Dac\u0103 aceste negocieri nu au succes \u00een termen de 30 zile calendaristice de la data la care apare disputa, aceasta va fi solu\u021bionat\u0103 de instan\u021bele judiciare competente ale Republicii Moldova.<\/p><p>Termenii \u0219i condi\u021biile generale de dona\u021bie sunt acceptate \u00een deplin\u0103 cuno\u0219tin\u021b\u0103 de c\u0103tre donator, actul de dona\u021bie implic\u00e2nd acceptarea imediat\u0103 \u0219i total\u0103 a prezentelor condi\u021bii.<\/p><p>Fiind de acord cu ace\u0219ti Termeni \u0219i Condi\u021bii donatorul \u00ee\u0219i asum\u0103 \u00een totalitate aceste riscuri.<\/p><p>Termenii \u0219i condi\u021biile prezente pot fi oric\u00e2nd modificate f\u0103r\u0103 preaviz.<\/p><p><strong>9. Durata<\/strong><\/p><p>Durata prezentului document este nedeterminat\u0103. Termenii \u0219i condi\u021biile intr\u0103 \u00een vigoare \u00een momentul public\u0103rii.<\/p><\/div>\n\t\t\t\t<\/div>\n\t\t\t\t\t<\/div>\n\t\t<\/div>\n\t\t\t\t\t<\/div>\n\t\t<\/section>\n\t\t\t\t<section class=\"elementor-section elementor-top-section elementor-element elementor-element-dcb0630 elementor-section-boxed elementor-section-height-default elementor-section-height-default\" data-id=\"dcb0630\" data-element_type=\"section\" data-settings=\"{&quot;background_background&quot;:&quot;classic&quot;}\">\n\t\t\t\t\t\t<div class=\"elementor-container elementor-column-gap-default\">\n\t\t\t\t\t<div class=\"elementor-column elementor-col-100 elementor-top-column elementor-element elementor-element-f7dd14c\" data-id=\"f7dd14c\" data-element_type=\"column\">\n\t\t\t<div class=\"elementor-widget-wrap elementor-element-populated\">\n\t\t\t\t\t\t<section class=\"elementor-section elementor-inner-section elementor-element elementor-element-77ea5ac elementor-section-boxed elementor-section-height-default elementor-section-height-default\" data-id=\"77ea5ac\" data-element_type=\"section\">\n\t\t\t\t\t\t<div class=\"elementor-container elementor-column-gap-default\">\n\t\t\t\t\t<div class=\"elementor-column elementor-col-50 elementor-inner-column elementor-element elementor-element-9dc46f7\" data-id=\"9dc46f7\" data-element_type=\"column\">\n\t\t\t<div class=\"elementor-widget-wrap elementor-element-populated\">\n\t\t\t\t\t\t<div class=\"elementor-element elementor-element-89b484c elementor-widget elementor-widget-image\" data-id=\"89b484c\" data-element_type=\"widget\" data-widget_type=\"image.default\">\n\t\t\t\t<div class=\"elementor-widget-container\">\n\t\t\t\t\t\t\t\t\t\t\t\t\t\t\t<img decoding=\"async\" src=\"https:\/\/love.newsmaker.md\/wp-content\/uploads\/elementor\/thumbs\/logo_white-q2kbgutufffwlvyt7zqhdy5b9fklmgne5omnmj81ca.png\" title=\"logo_white\" alt=\"logo_white\" loading=\"lazy\" \/>\t\t\t\t\t\t\t\t\t\t\t\t\t\t\t<\/div>\n\t\t\t\t<\/div>\n\t\t\t\t<div class=\"elementor-element elementor-element-33b6604 elementor-align-left elementor-icon-list--layout-traditional elementor-list-item-link-full_width elementor-widget elementor-widget-icon-list\" data-id=\"33b6604\" data-element_type=\"widget\" data-widget_type=\"icon-list.default\">\n\t\t\t\t<div class=\"elementor-widget-container\">\n\t\t\t\t\t\t\t<ul class=\"elementor-icon-list-items\">\n\t\t\t\t\t\t\t<li class=\"elementor-icon-list-item\">\n\t\t\t\t\t\t\t\t\t\t\t<a href=\"https:\/\/love.newsmaker.md\/ro\/privacy-policy-ru\/\">\n\n\t\t\t\t\t\t\t\t\t\t\t\t<span class=\"elementor-icon-list-icon\">\n\t\t\t\t\t\t\t<i aria-hidden=\"true\" class=\"fas fa-link\"><\/i>\t\t\t\t\t\t<\/span>\n\t\t\t\t\t\t\t\t\t\t<span class=\"elementor-icon-list-text\">Politica de confiden\u021bialitate<\/span>\n\t\t\t\t\t\t\t\t\t\t\t<\/a>\n\t\t\t\t\t\t\t\t\t<\/li>\n\t\t\t\t\t\t\t\t<li class=\"elementor-icon-list-item\">\n\t\t\t\t\t\t\t\t\t\t\t<a href=\"https:\/\/love.newsmaker.md\/ro\/terms-conditions-ru\/\">\n\n\t\t\t\t\t\t\t\t\t\t\t\t<span class=\"elementor-icon-list-icon\">\n\t\t\t\t\t\t\t<i aria-hidden=\"true\" class=\"fas fa-link\"><\/i>\t\t\t\t\t\t<\/span>\n\t\t\t\t\t\t\t\t\t\t<span class=\"elementor-icon-list-text\">Termeni \u0219i Condi\u021bii<\/span>\n\t\t\t\t\t\t\t\t\t\t\t<\/a>\n\t\t\t\t\t\t\t\t\t<\/li>\n\t\t\t\t\t\t<\/ul>\n\t\t\t\t\t\t<\/div>\n\t\t\t\t<\/div>\n\t\t\t\t<div class=\"elementor-element elementor-element-0fbad16 elementor-widget__width-auto elementor-widget elementor-widget-image\" data-id=\"0fbad16\" data-element_type=\"widget\" data-widget_type=\"image.default\">\n\t\t\t\t<div class=\"elementor-widget-container\">\n\t\t\t\t\t\t\t\t\t\t\t\t\t\t\t<img decoding=\"async\" src=\"https:\/\/love.newsmaker.md\/wp-content\/uploads\/elementor\/thumbs\/visa_logo-q2ofh6ly49cxfg1pexm1bwkui0a63wvtszrfb2xkac.png\" title=\"visa_logo\" alt=\"visa_logo\" loading=\"lazy\" \/>\t\t\t\t\t\t\t\t\t\t\t\t\t\t\t<\/div>\n\t\t\t\t<\/div>\n\t\t\t\t<div class=\"elementor-element elementor-element-11be545 elementor-widget__width-auto elementor-widget elementor-widget-image\" data-id=\"11be545\" data-element_type=\"widget\" data-widget_type=\"image.default\">\n\t\t\t\t<div class=\"elementor-widget-container\">\n\t\t\t\t\t\t\t\t\t\t\t\t\t\t\t<img decoding=\"async\" src=\"https:\/\/love.newsmaker.md\/wp-content\/uploads\/elementor\/thumbs\/mc_logo-q2ofh6ly49cxfg1pexm1bwkui0a63wvtszrfb2xkac.png\" title=\"mc_logo\" alt=\"mc_logo\" loading=\"lazy\" \/>\t\t\t\t\t\t\t\t\t\t\t\t\t\t\t<\/div>\n\t\t\t\t<\/div>\n\t\t\t\t\t<\/div>\n\t\t<\/div>\n\t\t\t\t<div class=\"elementor-column elementor-col-50 elementor-inner-column elementor-element elementor-element-4d741ea\" data-id=\"4d741ea\" data-element_type=\"column\">\n\t\t\t<div class=\"elementor-widget-wrap elementor-element-populated\">\n\t\t\t\t\t\t<div class=\"elementor-element elementor-element-7b5dea4 elementor-widget elementor-widget-text-editor\" data-id=\"7b5dea4\" data-element_type=\"widget\" data-widget_type=\"text-editor.default\">\n\t\t\t\t<div class=\"elementor-widget-container\">\n\t\t\t\t\t\t\t\t\t<p><b data-stringify-type=\"bold\" style=\"font-size: 1rem;\">Adresa fizica:<\/b><span style=\"font-size: 1rem;\">&nbsp;str. Serghei Lazo, 36 A et. 1, Chi\u0219in\u0103u, MD2004<br><\/span><b data-stringify-type=\"bold\" style=\"font-size: 1rem;\">Adresa juridica<\/b><span style=\"font-size: 1rem;\">&nbsp;mun. Chi\u015fin\u0103u, sec. Botanica, str. Gr\u0103dina Botanic\u0103, 14\/3, ap.(of.) 307<\/span><\/p><p><b data-stringify-type=\"bold\">Tel:<\/b>&nbsp;<span style=\"text-decoration: underline;\">+373 (22) 811088<\/span><br><b data-stringify-type=\"bold\">Email:<\/b>&nbsp;<span style=\"text-decoration: underline;\">newsmakermd@gmail.com<\/span><br><span style=\"text-decoration: underline;\">crowdfunding.newsmaker.md@gmail.com<\/span><\/p>\t\t\t\t\t\t\t\t<\/div>\n\t\t\t\t<\/div>\n\t\t\t\t\t<\/div>\n\t\t<\/div>\n\t\t\t\t\t<\/div>\n\t\t<\/section>\n\t\t\t\t\t<\/div>\n\t\t<\/div>\n\t\t\t\t\t<\/div>\n\t\t<\/section>\t\t<\/div>","protected":false},"excerpt":{"rendered":"<p>\u0412\u0435\u0440\u043d\u0443\u0442\u044c\u0441\u044f \u043d\u0430 \u0441\u0430\u0439\u0442 NM \u041f\u043e\u043b\u043e\u0436\u0435\u043d\u0438\u044f \u0438 \u0443\u0441\u043b\u043e\u0432\u0438\u044f 1.&nbsp;\u0412\u0432\u0435\u0434\u0435\u043d\u0438\u0435 \u041e\u0431\u0440\u0430\u0431\u043e\u0442\u043a\u0430 \u043e\u043f\u0435\u0440\u0430\u0446\u0438\u0439 \u0441 \u0431\u0430\u043d\u043a\u043e\u0432\u0441\u043a\u043e\u0439 \u043a\u0430\u0440\u0442\u044b, \u043a\u043e\u0442\u043e\u0440\u044b\u0435 \u043f\u0440\u043e\u0432\u043e\u0434\u044f\u0442\u0441\u044f \u0441 \u0446\u0435\u043b\u044c\u044e \u043f\u043e\u0436\u0435\u0440\u0442\u0432\u043e\u0432\u0430\u043d\u0438\u044f \u0441\u0440\u0435\u0434\u0441\u0442\u0432 \u043d\u0430 \u0434\u0435\u044f\u0442\u0435\u043b\u044c\u043d\u043e\u0441\u0442\u044c \u043a\u043e\u043c\u043f\u0430\u043d\u0438\u0438 \u041e\u041e\u041e \u00abNEWS MAKER\u00bb \u0447\u0435\u0440\u0435\u0437 \u043f\u043b\u0430\u0442\u0444\u043e\u0440\u043c\u0443 E-commerce, \u043f\u043e\u0434\u043a\u043b\u044e\u0447\u0435\u043d\u043d\u0443\u044e \u043a \u043d\u0430\u0448\u0435\u043c\u0443 \u0441\u0430\u0439\u0442\u0443 www.newsmaker.md, \u043f\u043e\u0434\u0440\u0430\u0437\u0443\u043c\u0435\u0432\u0430\u0435\u0442 \u043f\u0440\u0438\u043d\u044f\u0442\u0438\u0435 \u0434\u0430\u043d\u043d\u044b\u0445 \u0443\u0441\u043b\u043e\u0432\u0438\u0439 \u0438 \u043f\u043e\u043b\u043e\u0436\u0435\u043d\u0438\u0439. \u0421\u043e\u0433\u043b\u0430\u0441\u0438\u0435 \u043d\u0430 \u0441\u043e\u0432\u0435\u0440\u0448\u0435\u043d\u0438\u0435 \u0442\u0440\u0430\u043d\u0437\u0430\u043a\u0446\u0438\u0438 \u043f\u043e\u0434\u0440\u0430\u0437\u0443\u043c\u0435\u0432\u0430\u0435\u0442, \u0447\u0442\u043e \u0443\u0441\u043b\u043e\u0432\u0438\u044f \u0438 \u043f\u043e\u043b\u043e\u0436\u0435\u043d\u0438\u044f \u0431\u044b\u043b\u0438 \u043f\u0440\u043e\u0447\u0438\u0442\u0430\u043d\u044b \u0438 \u043f\u0440\u0438\u043d\u044f\u0442\u044b. \u0421\u0430\u0439\u0442 www.newsmaker.md, \u0434\u0430\u043b\u0435\u0435 [&hellip;]<\/p>","protected":false},"author":1,"featured_media":0,"parent":0,"menu_order":0,"comment_status":"closed","ping_status":"closed","template":"elementor_canvas","meta":{"footnotes":""},"class_list":["post-17","page","type-page","status-publish","hentry"],"_links":{"self":[{"href":"https:\/\/love.newsmaker.md\/ro\/wp-json\/wp\/v2\/pages\/17","targetHints":{"allow":["GET"]}}],"collection":[{"href":"https:\/\/love.newsmaker.md\/ro\/wp-json\/wp\/v2\/pages"}],"about":[{"href":"https:\/\/love.newsmaker.md\/ro\/wp-json\/wp\/v2\/types\/page"}],"author":[{"embeddable":true,"href":"https:\/\/love.newsmaker.md\/ro\/wp-json\/wp\/v2\/users\/1"}],"replies":[{"embeddable":true,"href":"https:\/\/love.newsmaker.md\/ro\/wp-json\/wp\/v2\/comments?post=17"}],"version-history":[{"count":10,"href":"https:\/\/love.newsmaker.md\/ro\/wp-json\/wp\/v2\/pages\/17\/revisions"}],"predecessor-version":[{"id":263,"href":"https:\/\/love.newsmaker.md\/ro\/wp-json\/wp\/v2\/pages\/17\/revisions\/263"}],"wp:attachment":[{"href":"https:\/\/love.newsmaker.md\/ro\/wp-json\/wp\/v2\/media?parent=17"}],"curies":[{"name":"wp","href":"https:\/\/api.w.org\/{rel}","templated":true}]}}